{"id":1500,"date":"2018-08-22T15:00:30","date_gmt":"2018-08-22T15:00:30","guid":{"rendered":"http:\/\/93.63.145.189\/studioamati.it\/studio\/"},"modified":"2025-03-13T17:22:57","modified_gmt":"2025-03-13T16:22:57","slug":"studio","status":"publish","type":"page","link":"https:\/\/www.studioamati.it\/it\/studio\/","title":{"rendered":"Studio"},"content":{"rendered":"<p>STUDIO AMATI \u00e8 una societ\u00e0 di architettura e ingegneria con sede a Roma che offre tutti i servizi professionali, dalla progettazione alle attivit\u00e0 di supervisione, monitoraggio e controllo per la realizzazione di interventi edilizi complessi sia in ambito pubblico che privato.<\/p>\n<p>L\u2019esperienza acquisita in oltre 60 anni di attivit\u00e0, In Italia e all\u2019estero, nel settore della riqualificazione e riconversione di ambiti urbani \u2013 anche a vocazione turistica \u2013 hanno portato Studio Amati ad accreditarsi come una delle realt\u00e0 pi\u00f9 dinamiche e strutturate del panorama italiano.<\/p>\n<p>Vincitore di concorsi, premi e riconoscimenti a livello nazionale ed internazionale, lo Studio ha progettato e realizzato opere di rilievo, in particolare edifici per attivit\u00e0 terziarie, edifici industriali, culturali e sociali ed interventi di riconversione\/riqualificazione alla scala urbana.<\/p>\n<p>Attualmente \u00e8 in particolare impegnato in progetti e cantieri per attivit\u00e0 terziare e industriali ad alto contenuto tecnologico, soprattutto nel campo aeronautico. Sono in forte sviluppo le attivit\u00e0 nei settori sanitario, aeroportuale, ricettivo, culturale (musei, universit\u00e0, accademie e scuole).<\/p>\n<p>Ha in corso diversi progetti incentrati sull&#8217;applicazione del design alle tecnologie innovative, in chiave di \u201cumanizzazione\u201d: smart grid, smart office, sistemi sanitari.<\/p>\n<p>Studio Amati \u00e8 oggi una realt\u00e0 professionale coordinata dai tre soci, gli Architetti Giuseppe Losurdo, Romina Sambucci e Francesco Abbati, che da oltre 20 anni lavorano insieme nello studio.<\/p>\n<p>Lo studio crede fortemente nel lavoro di equipe e nella complementariet\u00e0 delle competenze specialistiche che interagiscono nella realizzazione di opere di architettura, in tutte le fasi del processo progettuale ed esecutivo.<\/p>\n<p>L\u2019attivit\u00e0 \u00e8 svolta da un nutrito e multidisciplinare gruppo di professionisti che opera con passione e competenza, secondo una comune filosofia di lavoro: la ricerca della piena integrazione tra gli aspetti estetici, tecnici e funzionali del progetto, accanto alla sperimentazione di tecnologie avanzate per la migliore qualit\u00e0 esecutiva e la sostenibilit\u00e0 ambientale ed economica.<\/p>\n<p>Le differenti competenze specialistiche dei vari professionisti vengono condivise, secondo la formula del lavoro in equipe, permettendo di offrire al cliente una gamma efficiente e versatile di servizi.<\/p>\n<p>Studio Amati dispone, gi\u00e0 dal 2001, del Certificato di Qualit\u00e0 Aziendale aggiornato in conformit\u00e0 alle Norme ISO 9001:2015.<\/p>\n<p>Recentemente ha ottenuto il Certificato per i Sistemi di gestione per la salute e sicurezza sul lavoro in conformit\u00e0 alle Norme ISO 45001:2018 ed ha inoltre acquisito la Certificazione UNI\/PdR 74:2019 Sistema di Gestione BIM (SGBIM) pervenendo cos\u00ec ad un Sistema di Gestione Integrato che assicura l\u2019efficienza del processo di programmazione, progettazione, produzione, esercizio ed eventuale dismissione dell\u2019opera sia per interventi tradizionali che BIM.<\/p>\n<p>Studio Amati ha inoltre conseguito la Certificazione UNI\/PDR 125:2022 per il Sistema di gestione per la parit\u00e0 di genere.<\/p>\n<p><a href=\"https:\/\/www.studioamati.it\/wp-content\/uploads\/2025\/03\/Politica-del-Sistema-Gestione-Integrato-rev.17.pdf\">Politica del Sistema Gestione Integrato<\/a><\/p>\n<p><img fetchpriority=\"high\" decoding=\"async\" class=\"alignnone wp-image-4463 size-full\" src=\"https:\/\/www.studioamati.it\/wp-content\/uploads\/2025\/01\/Certificazioni_2-righe-copia.jpg\" alt=\"\" width=\"2092\" height=\"1480\" srcset=\"https:\/\/www.studioamati.it\/wp-content\/uploads\/2025\/01\/Certificazioni_2-righe-copia.jpg 2092w, https:\/\/www.studioamati.it\/wp-content\/uploads\/2025\/01\/Certificazioni_2-righe-copia-495x350.jpg 495w, https:\/\/www.studioamati.it\/wp-content\/uploads\/2025\/01\/Certificazioni_2-righe-copia-1536x1087.jpg 1536w, https:\/\/www.studioamati.it\/wp-content\/uploads\/2025\/01\/Certificazioni_2-righe-copia-2048x1449.jpg 2048w, https:\/\/www.studioamati.it\/wp-content\/uploads\/2025\/01\/Certificazioni_2-righe-copia-480x340.jpg 480w\" sizes=\"(max-width: 2092px) 100vw, 2092px\" \/><\/p>\n","protected":false},"excerpt":{"rendered":"<p>STUDIO AMATI \u00e8 una societ\u00e0 di architettura e ingegneria con sede a Roma che offre tutti i servizi professionali, dalla progettazione alle attivit\u00e0 di supervisione, monitoraggio e controllo per la realizzazione di interventi edilizi complessi sia in ambito pubblico che privato. L\u2019esperienza acquisita in oltre 60 anni di attivit\u00e0, In Italia e all\u2019estero, nel settore [&hellip;]<\/p>\n","protected":false},"author":2,"featured_media":3851,"parent":0,"menu_order":0,"comment_status":"closed","ping_status":"closed","template":"page-studio.php","meta":{"_acf_changed":false,"inline_featured_image":false,"footnotes":""},"class_list":["post-1500","page","type-page","status-publish","has-post-thumbnail","hentry"],"acf":[],"yoast_head":"<!-- This site is optimized with the Yoast SEO plugin v25.9 - https:\/\/yoast.com\/wordpress\/plugins\/seo\/ -->\n<title>Studio - Studio Amati Architetti<\/title>\n<meta name=\"robots\" content=\"index, follow, max-snippet:-1, max-image-preview:large, max-video-preview:-1\" \/>\n<link rel=\"canonical\" href=\"https:\/\/www.studioamati.it\/it\/studio\/\" \/>\n<meta property=\"og:locale\" content=\"it_IT\" \/>\n<meta property=\"og:type\" content=\"article\" \/>\n<meta property=\"og:title\" content=\"Studio - Studio Amati Architetti\" \/>\n<meta property=\"og:description\" content=\"STUDIO AMATI \u00e8 una societ\u00e0 di architettura e ingegneria con sede a Roma che offre tutti i servizi professionali, dalla progettazione alle attivit\u00e0 di supervisione, monitoraggio e controllo per la realizzazione di interventi edilizi complessi sia in ambito pubblico che privato. L\u2019esperienza acquisita in oltre 60 anni di attivit\u00e0, In Italia e all\u2019estero, nel settore [&hellip;]\" \/>\n<meta property=\"og:url\" content=\"https:\/\/www.studioamati.it\/it\/studio\/\" \/>\n<meta property=\"og:site_name\" content=\"Studio Amati Architetti\" \/>\n<meta property=\"article:publisher\" content=\"https:\/\/it-it.facebook.com\/Studio-Amati-Architetti-150951204944287\/\" \/>\n<meta property=\"article:modified_time\" content=\"2025-03-13T16:22:57+00:00\" \/>\n<meta property=\"og:image\" content=\"https:\/\/www.studioamati.it\/wp-content\/uploads\/2024\/04\/11.jpg\" \/>\n\t<meta property=\"og:image:width\" content=\"2000\" \/>\n\t<meta property=\"og:image:height\" content=\"1333\" \/>\n\t<meta property=\"og:image:type\" content=\"image\/jpeg\" \/>\n<meta name=\"twitter:card\" content=\"summary_large_image\" \/>\n<meta name=\"twitter:label1\" content=\"Tempo di lettura stimato\" \/>\n\t<meta name=\"twitter:data1\" content=\"3 minuti\" \/>\n<script type=\"application\/ld+json\" class=\"yoast-schema-graph\">{\"@context\":\"https:\/\/schema.org\",\"@graph\":[{\"@type\":\"WebPage\",\"@id\":\"https:\/\/www.studioamati.it\/it\/studio\/\",\"url\":\"https:\/\/www.studioamati.it\/it\/studio\/\",\"name\":\"Studio - Studio Amati Architetti\",\"isPartOf\":{\"@id\":\"https:\/\/www.studioamati.it\/#website\"},\"primaryImageOfPage\":{\"@id\":\"https:\/\/www.studioamati.it\/it\/studio\/#primaryimage\"},\"image\":{\"@id\":\"https:\/\/www.studioamati.it\/it\/studio\/#primaryimage\"},\"thumbnailUrl\":\"https:\/\/www.studioamati.it\/wp-content\/uploads\/2024\/04\/11.jpg\",\"datePublished\":\"2018-08-22T15:00:30+00:00\",\"dateModified\":\"2025-03-13T16:22:57+00:00\",\"breadcrumb\":{\"@id\":\"https:\/\/www.studioamati.it\/it\/studio\/#breadcrumb\"},\"inLanguage\":\"it-IT\",\"potentialAction\":[{\"@type\":\"ReadAction\",\"target\":[\"https:\/\/www.studioamati.it\/it\/studio\/\"]}]},{\"@type\":\"ImageObject\",\"inLanguage\":\"it-IT\",\"@id\":\"https:\/\/www.studioamati.it\/it\/studio\/#primaryimage\",\"url\":\"https:\/\/www.studioamati.it\/wp-content\/uploads\/2024\/04\/11.jpg\",\"contentUrl\":\"https:\/\/www.studioamati.it\/wp-content\/uploads\/2024\/04\/11.jpg\",\"width\":2000,\"height\":1333},{\"@type\":\"BreadcrumbList\",\"@id\":\"https:\/\/www.studioamati.it\/it\/studio\/#breadcrumb\",\"itemListElement\":[{\"@type\":\"ListItem\",\"position\":1,\"name\":\"Home\",\"item\":\"https:\/\/www.studioamati.it\/it\/\"},{\"@type\":\"ListItem\",\"position\":2,\"name\":\"Studio\"}]},{\"@type\":\"WebSite\",\"@id\":\"https:\/\/www.studioamati.it\/#website\",\"url\":\"https:\/\/www.studioamati.it\/\",\"name\":\"Studio Amati Architetti\",\"description\":\"\",\"publisher\":{\"@id\":\"https:\/\/www.studioamati.it\/#organization\"},\"potentialAction\":[{\"@type\":\"SearchAction\",\"target\":{\"@type\":\"EntryPoint\",\"urlTemplate\":\"https:\/\/www.studioamati.it\/?s={search_term_string}\"},\"query-input\":{\"@type\":\"PropertyValueSpecification\",\"valueRequired\":true,\"valueName\":\"search_term_string\"}}],\"inLanguage\":\"it-IT\"},{\"@type\":\"Organization\",\"@id\":\"https:\/\/www.studioamati.it\/#organization\",\"name\":\"Studio Amati Architetti\",\"url\":\"https:\/\/www.studioamati.it\/\",\"logo\":{\"@type\":\"ImageObject\",\"inLanguage\":\"it-IT\",\"@id\":\"https:\/\/www.studioamati.it\/#\/schema\/logo\/image\/\",\"url\":\"http:\/\/93.63.145.189\/studioamati.it\/wp-content\/uploads\/2018\/10\/logo-studio-amati.png\",\"contentUrl\":\"http:\/\/93.63.145.189\/studioamati.it\/wp-content\/uploads\/2018\/10\/logo-studio-amati.png\",\"width\":1024,\"height\":416,\"caption\":\"Studio Amati Architetti\"},\"image\":{\"@id\":\"https:\/\/www.studioamati.it\/#\/schema\/logo\/image\/\"},\"sameAs\":[\"https:\/\/it-it.facebook.com\/Studio-Amati-Architetti-150951204944287\/\",\"https:\/\/www.linkedin.com\/company\/studio-amati-architetti\/\",\"https:\/\/www.youtube.com\/user\/StudioAmati\"]}]}<\/script>\n<!-- \/ Yoast SEO plugin. -->","yoast_head_json":{"title":"Studio - Studio Amati Architetti","robots":{"index":"index","follow":"follow","max-snippet":"max-snippet:-1","max-image-preview":"max-image-preview:large","max-video-preview":"max-video-preview:-1"},"canonical":"https:\/\/www.studioamati.it\/it\/studio\/","og_locale":"it_IT","og_type":"article","og_title":"Studio - Studio Amati Architetti","og_description":"STUDIO AMATI \u00e8 una societ\u00e0 di architettura e ingegneria con sede a Roma che offre tutti i servizi professionali, dalla progettazione alle attivit\u00e0 di supervisione, monitoraggio e controllo per la realizzazione di interventi edilizi complessi sia in ambito pubblico che privato. L\u2019esperienza acquisita in oltre 60 anni di attivit\u00e0, In Italia e all\u2019estero, nel settore [&hellip;]","og_url":"https:\/\/www.studioamati.it\/it\/studio\/","og_site_name":"Studio Amati Architetti","article_publisher":"https:\/\/it-it.facebook.com\/Studio-Amati-Architetti-150951204944287\/","article_modified_time":"2025-03-13T16:22:57+00:00","og_image":[{"width":2000,"height":1333,"url":"https:\/\/www.studioamati.it\/wp-content\/uploads\/2024\/04\/11.jpg","type":"image\/jpeg"}],"twitter_card":"summary_large_image","twitter_misc":{"Tempo di lettura stimato":"3 minuti"},"schema":{"@context":"https:\/\/schema.org","@graph":[{"@type":"WebPage","@id":"https:\/\/www.studioamati.it\/it\/studio\/","url":"https:\/\/www.studioamati.it\/it\/studio\/","name":"Studio - Studio Amati Architetti","isPartOf":{"@id":"https:\/\/www.studioamati.it\/#website"},"primaryImageOfPage":{"@id":"https:\/\/www.studioamati.it\/it\/studio\/#primaryimage"},"image":{"@id":"https:\/\/www.studioamati.it\/it\/studio\/#primaryimage"},"thumbnailUrl":"https:\/\/www.studioamati.it\/wp-content\/uploads\/2024\/04\/11.jpg","datePublished":"2018-08-22T15:00:30+00:00","dateModified":"2025-03-13T16:22:57+00:00","breadcrumb":{"@id":"https:\/\/www.studioamati.it\/it\/studio\/#breadcrumb"},"inLanguage":"it-IT","potentialAction":[{"@type":"ReadAction","target":["https:\/\/www.studioamati.it\/it\/studio\/"]}]},{"@type":"ImageObject","inLanguage":"it-IT","@id":"https:\/\/www.studioamati.it\/it\/studio\/#primaryimage","url":"https:\/\/www.studioamati.it\/wp-content\/uploads\/2024\/04\/11.jpg","contentUrl":"https:\/\/www.studioamati.it\/wp-content\/uploads\/2024\/04\/11.jpg","width":2000,"height":1333},{"@type":"BreadcrumbList","@id":"https:\/\/www.studioamati.it\/it\/studio\/#breadcrumb","itemListElement":[{"@type":"ListItem","position":1,"name":"Home","item":"https:\/\/www.studioamati.it\/it\/"},{"@type":"ListItem","position":2,"name":"Studio"}]},{"@type":"WebSite","@id":"https:\/\/www.studioamati.it\/#website","url":"https:\/\/www.studioamati.it\/","name":"Studio Amati Architetti","description":"","publisher":{"@id":"https:\/\/www.studioamati.it\/#organization"},"potentialAction":[{"@type":"SearchAction","target":{"@type":"EntryPoint","urlTemplate":"https:\/\/www.studioamati.it\/?s={search_term_string}"},"query-input":{"@type":"PropertyValueSpecification","valueRequired":true,"valueName":"search_term_string"}}],"inLanguage":"it-IT"},{"@type":"Organization","@id":"https:\/\/www.studioamati.it\/#organization","name":"Studio Amati Architetti","url":"https:\/\/www.studioamati.it\/","logo":{"@type":"ImageObject","inLanguage":"it-IT","@id":"https:\/\/www.studioamati.it\/#\/schema\/logo\/image\/","url":"http:\/\/93.63.145.189\/studioamati.it\/wp-content\/uploads\/2018\/10\/logo-studio-amati.png","contentUrl":"http:\/\/93.63.145.189\/studioamati.it\/wp-content\/uploads\/2018\/10\/logo-studio-amati.png","width":1024,"height":416,"caption":"Studio Amati Architetti"},"image":{"@id":"https:\/\/www.studioamati.it\/#\/schema\/logo\/image\/"},"sameAs":["https:\/\/it-it.facebook.com\/Studio-Amati-Architetti-150951204944287\/","https:\/\/www.linkedin.com\/company\/studio-amati-architetti\/","https:\/\/www.youtube.com\/user\/StudioAmati"]}]}},"_links":{"self":[{"href":"https:\/\/www.studioamati.it\/it\/wp-json\/wp\/v2\/pages\/1500","targetHints":{"allow":["GET"]}}],"collection":[{"href":"https:\/\/www.studioamati.it\/it\/wp-json\/wp\/v2\/pages"}],"about":[{"href":"https:\/\/www.studioamati.it\/it\/wp-json\/wp\/v2\/types\/page"}],"author":[{"embeddable":true,"href":"https:\/\/www.studioamati.it\/it\/wp-json\/wp\/v2\/users\/2"}],"replies":[{"embeddable":true,"href":"https:\/\/www.studioamati.it\/it\/wp-json\/wp\/v2\/comments?post=1500"}],"version-history":[{"count":47,"href":"https:\/\/www.studioamati.it\/it\/wp-json\/wp\/v2\/pages\/1500\/revisions"}],"predecessor-version":[{"id":4592,"href":"https:\/\/www.studioamati.it\/it\/wp-json\/wp\/v2\/pages\/1500\/revisions\/4592"}],"wp:featuredmedia":[{"embeddable":true,"href":"https:\/\/www.studioamati.it\/it\/wp-json\/wp\/v2\/media\/3851"}],"wp:attachment":[{"href":"https:\/\/www.studioamati.it\/it\/wp-json\/wp\/v2\/media?parent=1500"}],"curies":[{"name":"wp","href":"https:\/\/api.w.org\/{rel}","templated":true}]}}