{"id":1506,"date":"2018-04-04T08:07:08","date_gmt":"2018-04-04T08:07:08","guid":{"rendered":"http:\/\/93.63.145.189\/studioamati.it\/sample-page\/"},"modified":"2025-08-04T16:23:27","modified_gmt":"2025-08-04T15:23:27","slug":"sample-page","status":"publish","type":"page","link":"https:\/\/www.studioamati.it\/it\/","title":{"rendered":"Homepage"},"content":{"rendered":"<p>Studio Amati \u00e8 una societ\u00e0 di architettura e ingegneria con sede a Roma che offre tutti i servizi professionali, dalla progettazione alle attivit\u00e0 di supervisione, monitoraggio e controllo per la realizzazione di interventi edilizi complessi sia in ambito pubblico che privato.<\/p>\n<p>L\u2019esperienza acquisita in oltre 60 anni di attivit\u00e0, In Italia e all\u2019estero, nel settore della riqualificazione e riconversione di ambiti urbani \u2013 anche a vocazione turistica \u2013 hanno portato Studio Amati ad accreditarsi come una delle realt\u00e0 pi\u00f9 dinamiche e strutturate del panorama italiano.<\/p>\n","protected":false},"excerpt":{"rendered":"<p>Studio Amati \u00e8 una societ\u00e0 di architettura e ingegneria con sede a Roma che offre tutti i servizi professionali, dalla progettazione alle attivit\u00e0 di supervisione, monitoraggio e controllo per la realizzazione di interventi edilizi complessi sia in ambito pubblico che privato. L\u2019esperienza acquisita in oltre 60 anni di attivit\u00e0, In Italia e all\u2019estero, nel settore [&hellip;]<\/p>\n","protected":false},"author":2,"featured_media":0,"parent":0,"menu_order":0,"comment_status":"closed","ping_status":"closed","template":"","meta":{"_acf_changed":false,"inline_featured_image":false,"footnotes":""},"class_list":["post-1506","page","type-page","status-publish","hentry"],"acf":[],"yoast_head":"<!-- This site is optimized with the Yoast SEO plugin v25.9 - https:\/\/yoast.com\/wordpress\/plugins\/seo\/ -->\n<title>Homepage - Studio Amati Architetti<\/title>\n<meta name=\"robots\" content=\"index, follow, max-snippet:-1, max-image-preview:large, max-video-preview:-1\" \/>\n<link rel=\"canonical\" href=\"https:\/\/www.studioamati.it\/it\/\" \/>\n<meta property=\"og:locale\" content=\"it_IT\" \/>\n<meta property=\"og:type\" content=\"article\" \/>\n<meta property=\"og:title\" content=\"Homepage - Studio Amati Architetti\" \/>\n<meta property=\"og:description\" content=\"Studio Amati \u00e8 una societ\u00e0 di architettura e ingegneria con sede a Roma che offre tutti i servizi professionali, dalla progettazione alle attivit\u00e0 di supervisione, monitoraggio e controllo per la realizzazione di interventi edilizi complessi sia in ambito pubblico che privato. L\u2019esperienza acquisita in oltre 60 anni di attivit\u00e0, In Italia e all\u2019estero, nel settore [&hellip;]\" \/>\n<meta property=\"og:url\" content=\"https:\/\/www.studioamati.it\/it\/\" \/>\n<meta property=\"og:site_name\" content=\"Studio Amati Architetti\" \/>\n<meta property=\"article:publisher\" content=\"https:\/\/it-it.facebook.com\/Studio-Amati-Architetti-150951204944287\/\" \/>\n<meta property=\"article:modified_time\" content=\"2025-08-04T15:23:27+00:00\" \/>\n<meta name=\"twitter:card\" content=\"summary_large_image\" \/>\n<meta name=\"twitter:label1\" content=\"Tempo di lettura stimato\" \/>\n\t<meta name=\"twitter:data1\" content=\"1 minuto\" \/>\n<script type=\"application\/ld+json\" class=\"yoast-schema-graph\">{\"@context\":\"https:\/\/schema.org\",\"@graph\":[{\"@type\":\"WebPage\",\"@id\":\"https:\/\/www.studioamati.it\/it\/\",\"url\":\"https:\/\/www.studioamati.it\/it\/\",\"name\":\"Homepage - Studio Amati Architetti\",\"isPartOf\":{\"@id\":\"https:\/\/www.studioamati.it\/#website\"},\"datePublished\":\"2018-04-04T08:07:08+00:00\",\"dateModified\":\"2025-08-04T15:23:27+00:00\",\"breadcrumb\":{\"@id\":\"https:\/\/www.studioamati.it\/it\/#breadcrumb\"},\"inLanguage\":\"it-IT\",\"potentialAction\":[{\"@type\":\"ReadAction\",\"target\":[\"https:\/\/www.studioamati.it\/it\/\"]}]},{\"@type\":\"BreadcrumbList\",\"@id\":\"https:\/\/www.studioamati.it\/it\/#breadcrumb\",\"itemListElement\":[{\"@type\":\"ListItem\",\"position\":1,\"name\":\"Home\",\"item\":\"https:\/\/www.studioamati.it\/it\/\"},{\"@type\":\"ListItem\",\"position\":2,\"name\":\"Homepage\"}]},{\"@type\":\"WebSite\",\"@id\":\"https:\/\/www.studioamati.it\/#website\",\"url\":\"https:\/\/www.studioamati.it\/\",\"name\":\"Studio Amati Architetti\",\"description\":\"\",\"publisher\":{\"@id\":\"https:\/\/www.studioamati.it\/#organization\"},\"potentialAction\":[{\"@type\":\"SearchAction\",\"target\":{\"@type\":\"EntryPoint\",\"urlTemplate\":\"https:\/\/www.studioamati.it\/?s={search_term_string}\"},\"query-input\":{\"@type\":\"PropertyValueSpecification\",\"valueRequired\":true,\"valueName\":\"search_term_string\"}}],\"inLanguage\":\"it-IT\"},{\"@type\":\"Organization\",\"@id\":\"https:\/\/www.studioamati.it\/#organization\",\"name\":\"Studio Amati Architetti\",\"url\":\"https:\/\/www.studioamati.it\/\",\"logo\":{\"@type\":\"ImageObject\",\"inLanguage\":\"it-IT\",\"@id\":\"https:\/\/www.studioamati.it\/#\/schema\/logo\/image\/\",\"url\":\"http:\/\/93.63.145.189\/studioamati.it\/wp-content\/uploads\/2018\/10\/logo-studio-amati.png\",\"contentUrl\":\"http:\/\/93.63.145.189\/studioamati.it\/wp-content\/uploads\/2018\/10\/logo-studio-amati.png\",\"width\":1024,\"height\":416,\"caption\":\"Studio Amati Architetti\"},\"image\":{\"@id\":\"https:\/\/www.studioamati.it\/#\/schema\/logo\/image\/\"},\"sameAs\":[\"https:\/\/it-it.facebook.com\/Studio-Amati-Architetti-150951204944287\/\",\"https:\/\/www.linkedin.com\/company\/studio-amati-architetti\/\",\"https:\/\/www.youtube.com\/user\/StudioAmati\"]}]}<\/script>\n<!-- \/ Yoast SEO plugin. -->","yoast_head_json":{"title":"Homepage - Studio Amati Architetti","robots":{"index":"index","follow":"follow","max-snippet":"max-snippet:-1","max-image-preview":"max-image-preview:large","max-video-preview":"max-video-preview:-1"},"canonical":"https:\/\/www.studioamati.it\/it\/","og_locale":"it_IT","og_type":"article","og_title":"Homepage - Studio Amati Architetti","og_description":"Studio Amati \u00e8 una societ\u00e0 di architettura e ingegneria con sede a Roma che offre tutti i servizi professionali, dalla progettazione alle attivit\u00e0 di supervisione, monitoraggio e controllo per la realizzazione di interventi edilizi complessi sia in ambito pubblico che privato. L\u2019esperienza acquisita in oltre 60 anni di attivit\u00e0, In Italia e all\u2019estero, nel settore [&hellip;]","og_url":"https:\/\/www.studioamati.it\/it\/","og_site_name":"Studio Amati Architetti","article_publisher":"https:\/\/it-it.facebook.com\/Studio-Amati-Architetti-150951204944287\/","article_modified_time":"2025-08-04T15:23:27+00:00","twitter_card":"summary_large_image","twitter_misc":{"Tempo di lettura stimato":"1 minuto"},"schema":{"@context":"https:\/\/schema.org","@graph":[{"@type":"WebPage","@id":"https:\/\/www.studioamati.it\/it\/","url":"https:\/\/www.studioamati.it\/it\/","name":"Homepage - Studio Amati Architetti","isPartOf":{"@id":"https:\/\/www.studioamati.it\/#website"},"datePublished":"2018-04-04T08:07:08+00:00","dateModified":"2025-08-04T15:23:27+00:00","breadcrumb":{"@id":"https:\/\/www.studioamati.it\/it\/#breadcrumb"},"inLanguage":"it-IT","potentialAction":[{"@type":"ReadAction","target":["https:\/\/www.studioamati.it\/it\/"]}]},{"@type":"BreadcrumbList","@id":"https:\/\/www.studioamati.it\/it\/#breadcrumb","itemListElement":[{"@type":"ListItem","position":1,"name":"Home","item":"https:\/\/www.studioamati.it\/it\/"},{"@type":"ListItem","position":2,"name":"Homepage"}]},{"@type":"WebSite","@id":"https:\/\/www.studioamati.it\/#website","url":"https:\/\/www.studioamati.it\/","name":"Studio Amati Architetti","description":"","publisher":{"@id":"https:\/\/www.studioamati.it\/#organization"},"potentialAction":[{"@type":"SearchAction","target":{"@type":"EntryPoint","urlTemplate":"https:\/\/www.studioamati.it\/?s={search_term_string}"},"query-input":{"@type":"PropertyValueSpecification","valueRequired":true,"valueName":"search_term_string"}}],"inLanguage":"it-IT"},{"@type":"Organization","@id":"https:\/\/www.studioamati.it\/#organization","name":"Studio Amati Architetti","url":"https:\/\/www.studioamati.it\/","logo":{"@type":"ImageObject","inLanguage":"it-IT","@id":"https:\/\/www.studioamati.it\/#\/schema\/logo\/image\/","url":"http:\/\/93.63.145.189\/studioamati.it\/wp-content\/uploads\/2018\/10\/logo-studio-amati.png","contentUrl":"http:\/\/93.63.145.189\/studioamati.it\/wp-content\/uploads\/2018\/10\/logo-studio-amati.png","width":1024,"height":416,"caption":"Studio Amati Architetti"},"image":{"@id":"https:\/\/www.studioamati.it\/#\/schema\/logo\/image\/"},"sameAs":["https:\/\/it-it.facebook.com\/Studio-Amati-Architetti-150951204944287\/","https:\/\/www.linkedin.com\/company\/studio-amati-architetti\/","https:\/\/www.youtube.com\/user\/StudioAmati"]}]}},"_links":{"self":[{"href":"https:\/\/www.studioamati.it\/it\/wp-json\/wp\/v2\/pages\/1506","targetHints":{"allow":["GET"]}}],"collection":[{"href":"https:\/\/www.studioamati.it\/it\/wp-json\/wp\/v2\/pages"}],"about":[{"href":"https:\/\/www.studioamati.it\/it\/wp-json\/wp\/v2\/types\/page"}],"author":[{"embeddable":true,"href":"https:\/\/www.studioamati.it\/it\/wp-json\/wp\/v2\/users\/2"}],"replies":[{"embeddable":true,"href":"https:\/\/www.studioamati.it\/it\/wp-json\/wp\/v2\/comments?post=1506"}],"version-history":[{"count":17,"href":"https:\/\/www.studioamati.it\/it\/wp-json\/wp\/v2\/pages\/1506\/revisions"}],"predecessor-version":[{"id":4706,"href":"https:\/\/www.studioamati.it\/it\/wp-json\/wp\/v2\/pages\/1506\/revisions\/4706"}],"wp:attachment":[{"href":"https:\/\/www.studioamati.it\/it\/wp-json\/wp\/v2\/media?parent=1506"}],"curies":[{"name":"wp","href":"https:\/\/api.w.org\/{rel}","templated":true}]}}